{"id":121,"date":"2018-06-01T12:40:09","date_gmt":"2018-06-01T12:40:09","guid":{"rendered":"http:\/\/xtratheme.com\/default\/?post_type=product&#038;p=121"},"modified":"2023-04-30T22:18:43","modified_gmt":"2023-04-30T22:18:43","slug":"siemens-simatic-s7-1500-plc","status":"publish","type":"product","link":"https:\/\/secnak.com\/omel\/urun\/siemens-simatic-s7-1500-plc\/","title":{"rendered":"SIEMENS SIMATIC S7-1500 PLC"},"content":{"rendered":"<p>SIMATIC S7-1500 Geli\u015fmi\u015f Kontrolc\u00fc ailesinin yeni \u00fcyesi Teknoloji CPU\u2019lar\u0131, standart uygulamalar ve g\u00fcvenlik uygulamalar\u0131na ek olarak, geni\u015f bir dizi hareket kontrol fonksiyonunu tek bir kontrol \u00fcnitesinde birle\u015ftirir.<\/p>\n<p>Teknoloji CPU\u2019lar\u0131n\u0131n temel faydalar\u0131 \u015funlard\u0131r:<\/p>\n<ul class=\"bullet-list\">\n<li>Tek bir CPU\u2019da standart, g\u00fcvenlik ve hareket kontrol fonksiyonlar\u0131<\/li>\n<li>TIA Portala entegre edilmi\u015f Senkronizasyon ve Kam kontrol\u00fc gibi geni\u015fletilmi\u015f hareket kontrol\u00fc fonksiyonlar\u0131<\/li>\n<li>TIA Portal ile, kamlar\u0131n grafiksel , sekmeli yap\u0131land\u0131rmas\u0131 ve optimize edilmesine ba\u011fl\u0131 olarak y\u00fcksek m\u00fchendislik verimlili\u011fi<\/li>\n<li>\u00c7al\u0131\u015fma esnas\u0131nda kamlar\u0131n uyarlanmas\u0131 ve hesaplanmas\u0131 (\u00f6rn. bir \u00fcr\u00fcn de\u011fi\u015fikli\u011fi oldu\u011funda)<\/li>\n<\/ul>\n<div class=\"separator\"><\/div>\n<div>\n<div>\n<p>PROFINET \u00fczerinden ba\u011flant\u0131; kolay, entegre te\u015fhis ve detayl\u0131 hata tespiti sayesinde makinenin durma s\u00fcrelerinin minimum d\u00fczeyde tutulmas\u0131n\u0131 sa\u011flar.<\/p>\n<p>PROFINET vas\u0131tas\u0131yla SINAMICS servo s\u00fcr\u00fcc\u00fc sistemleri kolayca entegre edilebilir (\u00f6rne\u011fin; PROFINET ile SINAMICS S110, S120, V90). TIA Portal ile SIMATIC ortam\u0131nda farkl\u0131 ve \u00e7ok y\u00f6nl\u00fc hareket kontrol g\u00f6revleri etkin bir \u015fekilde uygulanabilir.<\/p>\n<div>\n<p><strong>Hareket Kontrol\u00fc hi\u00e7 bu kadar kolay olmam\u0131\u015ft\u0131!<\/strong><\/p>\n<p>SIMATIC ve SINAMICS\u2019in m\u00fchendisli\u011fi TIA Portal\u2019da yap\u0131labilmektedir. Bu m\u00fchendislik \u00e7al\u0131\u015fma alan\u0131, teknoloji fonksiyonlar\u0131n\u0131n teknoloji objeler ile parametrelendirilmesini sa\u011flar. Bu nesneler, Hareket Kontrol fonksiyonlar\u0131 \u00fczerinde kolay bir g\u00f6r\u00fcnt\u00fcleme sa\u011flar ve kullan\u0131c\u0131 dostu giri\u015f maskeleri arac\u0131l\u0131\u011f\u0131yla yap\u0131land\u0131r\u0131labilir ve parametrelendirilebilir. Bu yaln\u0131zca bir makine \u00fcreticisinin de\u011fil ayn\u0131 zamanda m\u00fc\u015fterilerinin de i\u015fini kolayla\u015ft\u0131r\u0131r. Makinelerinin bak\u0131m\u0131n\u0131 yapmak ya da yeniden yap\u0131land\u0131rmak i\u00e7in uzman bilgisi sahibi olmalar\u0131 gerekmez. Bunun yerine, mevcut PLC bilgilerini kullanabilirler.<\/p>\n<p>Teknoloji Objeler ile yap\u0131labilecekler:<\/p>\n<ul class=\"bullet-list\">\n<li>Kontrolc\u00fc ile s\u00fcr\u00fcc\u00fc aras\u0131ndaki teknolojik de\u011ferlerin otomatik kar\u015f\u0131la\u015ft\u0131rmas\u0131; m\u00fchendislik, devreye alma ve servis i\u00e7in harcanan zaman\u0131n azalmas\u0131n\u0131 sa\u011flar<\/li>\n<li>Kullan\u0131c\u0131 dostu eksen te\u015fhisi ve g\u00fc\u00e7l\u00fc izleme maksimum \u015feffafl\u0131\u011f\u0131 sa\u011flar<\/li>\n<li>Al\u0131\u015f\u0131lm\u0131\u015f SIMATIC ortam\u0131nda uygulamalar\u0131n sezgisel proje planlamas\u0131 ve programlanmas\u0131<\/li>\n<li>M\u00fckemmel \u00e7\u00f6z\u00fcmleri h\u0131zl\u0131ca elde etmek i\u00e7in VDI y\u00f6nergelerine g\u00f6re kam disklerin optimizasyon olanaklar\u0131<\/li>\n<li>Eksen olu\u015fturma ve sim\u00fclasyon ara\u00e7lar\u0131 i\u00e7in grafiksel giri\u015f deste\u011fi, zaman tasarrufu sa\u011flar ve hata oran\u0131n\u0131 azalt\u0131r.<\/li>\n<\/ul>\n<\/div>\n<\/div>\n<\/div>\n","protected":false},"excerpt":{"rendered":"<p>SIMATIC S7-1500 Geli\u015fmi\u015f Kontrolc\u00fc ailesinin yeni \u00fcyesi Teknoloji CPU\u2019lar\u0131, standart uygulamalar &#8230; <\/p>\n","protected":false},"featured_media":1748,"comment_status":"open","ping_status":"closed","template":"","meta":[],"product_brand":[],"product_cat":[15,116,117,115],"product_tag":[],"class_list":{"0":"post-121","1":"product","2":"type-product","3":"status-publish","4":"has-post-thumbnail","6":"product_cat-siemens-otomasyon-urunleri","7":"product_cat-otomasyon-teknolojileri","8":"product_cat-safety-integrated-emniyet-cozumleri","9":"product_cat-tumu-endustriyel-otomasyon-sistemleri","11":"first","12":"instock","13":"shipping-taxable","14":"product-type-simple"},"jetpack_sharing_enabled":true,"_links":{"self":[{"href":"https:\/\/secnak.com\/omel\/wp-json\/wp\/v2\/product\/121","targetHints":{"allow":["GET"]}}],"collection":[{"href":"https:\/\/secnak.com\/omel\/wp-json\/wp\/v2\/product"}],"about":[{"href":"https:\/\/secnak.com\/omel\/wp-json\/wp\/v2\/types\/product"}],"replies":[{"embeddable":true,"href":"https:\/\/secnak.com\/omel\/wp-json\/wp\/v2\/comments?post=121"}],"wp:featuredmedia":[{"embeddable":true,"href":"https:\/\/secnak.com\/omel\/wp-json\/wp\/v2\/media\/1748"}],"wp:attachment":[{"href":"https:\/\/secnak.com\/omel\/wp-json\/wp\/v2\/media?parent=121"}],"wp:term":[{"taxonomy":"product_brand","embeddable":true,"href":"https:\/\/secnak.com\/omel\/wp-json\/wp\/v2\/product_brand?post=121"},{"taxonomy":"product_cat","embeddable":true,"href":"https:\/\/secnak.com\/omel\/wp-json\/wp\/v2\/product_cat?post=121"},{"taxonomy":"product_tag","embeddable":true,"href":"https:\/\/secnak.com\/omel\/wp-json\/wp\/v2\/product_tag?post=121"}],"curies":[{"name":"wp","href":"https:\/\/api.w.org\/{rel}","templated":true}]}}