{"id":118,"date":"2018-06-01T12:37:39","date_gmt":"2018-06-01T12:37:39","guid":{"rendered":"http:\/\/xtratheme.com\/default\/?post_type=product&#038;p=118"},"modified":"2023-04-30T22:13:30","modified_gmt":"2023-04-30T22:13:30","slug":"cpu-1517tf-3-pn-dp","status":"publish","type":"product","link":"https:\/\/secnak.com\/omel\/urun\/cpu-1517tf-3-pn-dp\/","title":{"rendered":"CPU 1517TF-3 PN\/DP"},"content":{"rendered":"<h3 class=\"title-heading-left fusion-responsive-typography-calculated\">CPU 1517TF-3 PN\/DP<\/h3>\n","protected":false},"excerpt":{"rendered":"<ul class=\"bullet-list\">\n<li>Pozisyonlama ekseni tipik 70, maksimum 128<\/li>\n<li>\u00c7al\u0131\u015fma belle\u011fi 3 &#8230;<br \/>\n","protected":false},"featured_media":1749,"comment_status":"closed","ping_status":"closed","template":"","meta":[],"product_brand":[],"product_cat":[15],"product_tag":[],"class_list":{"0":"post-118","1":"product","2":"type-product","3":"status-publish","4":"has-post-thumbnail","6":"product_cat-siemens-otomasyon-urunleri","8":"first","9":"instock","10":"shipping-taxable","11":"product-type-simple"},"jetpack_sharing_enabled":true,"_links":{"self":[{"href":"https:\/\/secnak.com\/omel\/wp-json\/wp\/v2\/product\/118","targetHints":{"allow":["GET"]}}],"collection":[{"href":"https:\/\/secnak.com\/omel\/wp-json\/wp\/v2\/product"}],"about":[{"href":"https:\/\/secnak.com\/omel\/wp-json\/wp\/v2\/types\/product"}],"replies":[{"embeddable":true,"href":"https:\/\/secnak.com\/omel\/wp-json\/wp\/v2\/comments?post=118"}],"wp:featuredmedia":[{"embeddable":true,"href":"https:\/\/secnak.com\/omel\/wp-json\/wp\/v2\/media\/1749"}],"wp:attachment":[{"href":"https:\/\/secnak.com\/omel\/wp-json\/wp\/v2\/media?parent=118"}],"wp:term":[{"taxonomy":"product_brand","embeddable":true,"href":"https:\/\/secnak.com\/omel\/wp-json\/wp\/v2\/product_brand?post=118"},{"taxonomy":"product_cat","embeddable":true,"href":"https:\/\/secnak.com\/omel\/wp-json\/wp\/v2\/product_cat?post=118"},{"taxonomy":"product_tag","embeddable":true,"href":"https:\/\/secnak.com\/omel\/wp-json\/wp\/v2\/product_tag?post=118"}],"curies":[{"name":"wp","href":"https:\/\/api.w.org\/{rel}","templated":true}]}}