{"id":108,"date":"2018-06-01T10:30:37","date_gmt":"2018-06-01T10:30:37","guid":{"rendered":"http:\/\/xtratheme.com\/default\/?post_type=product&#038;p=108"},"modified":"2023-04-30T22:17:21","modified_gmt":"2023-04-30T22:17:21","slug":"cpu-1515t-2-pn","status":"publish","type":"product","link":"https:\/\/secnak.com\/omel\/urun\/cpu-1515t-2-pn\/","title":{"rendered":"CPU 1515T-2 PN"},"content":{"rendered":"<p>CPU 1515T-2 PN<\/p>\n","protected":false},"excerpt":{"rendered":"<ul class=\"bullet-list\">\n<li>Pozisyonlama ekseni tipik 7, maksimum 30<\/li>\n<li>\u00c7al\u0131\u015fma belle\u011fi 750 &#8230;<br \/>\n","protected":false},"featured_media":1751,"comment_status":"open","ping_status":"closed","template":"","meta":[],"product_brand":[],"product_cat":[15,116,117,115],"product_tag":[],"class_list":{"0":"post-108","1":"product","2":"type-product","3":"status-publish","4":"has-post-thumbnail","6":"product_cat-siemens-otomasyon-urunleri","7":"product_cat-otomasyon-teknolojileri","8":"product_cat-safety-integrated-emniyet-cozumleri","9":"product_cat-tumu-endustriyel-otomasyon-sistemleri","11":"first","12":"instock","13":"shipping-taxable","14":"product-type-simple"},"jetpack_sharing_enabled":true,"_links":{"self":[{"href":"https:\/\/secnak.com\/omel\/wp-json\/wp\/v2\/product\/108","targetHints":{"allow":["GET"]}}],"collection":[{"href":"https:\/\/secnak.com\/omel\/wp-json\/wp\/v2\/product"}],"about":[{"href":"https:\/\/secnak.com\/omel\/wp-json\/wp\/v2\/types\/product"}],"replies":[{"embeddable":true,"href":"https:\/\/secnak.com\/omel\/wp-json\/wp\/v2\/comments?post=108"}],"wp:featuredmedia":[{"embeddable":true,"href":"https:\/\/secnak.com\/omel\/wp-json\/wp\/v2\/media\/1751"}],"wp:attachment":[{"href":"https:\/\/secnak.com\/omel\/wp-json\/wp\/v2\/media?parent=108"}],"wp:term":[{"taxonomy":"product_brand","embeddable":true,"href":"https:\/\/secnak.com\/omel\/wp-json\/wp\/v2\/product_brand?post=108"},{"taxonomy":"product_cat","embeddable":true,"href":"https:\/\/secnak.com\/omel\/wp-json\/wp\/v2\/product_cat?post=108"},{"taxonomy":"product_tag","embeddable":true,"href":"https:\/\/secnak.com\/omel\/wp-json\/wp\/v2\/product_tag?post=108"}],"curies":[{"name":"wp","href":"https:\/\/api.w.org\/{rel}","templated":true}]}}