{"id":881,"date":"2018-05-29T11:11:20","date_gmt":"2018-05-29T11:11:20","guid":{"rendered":"http:\/\/xtratheme.com\/default\/?page_id=7"},"modified":"2023-05-04T23:28:03","modified_gmt":"2023-05-04T23:28:03","slug":"hakkimizda","status":"publish","type":"page","link":"https:\/\/secnak.com\/omel\/hakkimizda\/","title":{"rendered":"Hakk\u0131m\u0131zda"},"content":{"rendered":"<div class=\"wpb-content-wrapper\"><p>[vc_row][vc_column]<div class=\"cz_gap clr  hide_on_mobile\" style=\"height: 50px\"><\/div><div class=\"cz_gap show_on_mobile clr\" style=\"height: 1px\"><\/div><div id=\"cz_15342\" class=\"cz_15342 cz_title clr cz_title_pos_inline tac\"><div class=\"cz_title_shape shape_text cz_shape_1\">\u00d6MEL M\u00fchendislik<\/div><div class=\"cz_title_content\"><div class=\"cz_wpe_content\"><h3 style=\"text-align: center;\"><span style=\"font-size: 36px; font-weight: 300;\">Firma Hakk\u0131nda<\/span><\/h3>\n<h3 style=\"text-align: center;\"><span style=\"font-size: 36px; color: #f15524;\">\u00d6mel M\u00fchendislik Elektronik San.veTic.Ltd.\u015eti<\/span><\/h3>\n<\/div><\/div><\/div><div class=\"cz_gap clr \" style=\"height: 40px\"><\/div><div id=\"cz_72884\" class=\"cz_72884 cz_title clr cz_mobile_text_center cz_title_pos_inline tac\"><div class=\"cz_title_content\"><div class=\"cz_wpe_content\"><p style=\"text-align: center;\"><span style=\"font-weight: 300; font-size: 24px; color: #666666;\">1992 y\u0131l\u0131nda kurulmu\u015f olan firmam\u0131z, otomasyon sistemlerikonusunda yo\u011fun<br class=\"clr\" \/> bir \u015fekilde faaliyet s\u00fcrd\u00fcrmektedir.<\/span><\/p>\n<\/div><\/div><\/div>[\/vc_column][\/vc_row][vc_row][vc_column]<div class=\"cz_gap clr \" style=\"height: 50px\"><\/div>[vc_row_inner][vc_column_inner offset=&#8221;vc_col-md-6&#8243;]<div class=\"cz_gap clr \" style=\"height: 50px\"><\/div><div id=\"cz_41309\" class=\"cz_41309 cz_title clr cz_mobile_text_center cz_title_pos_inline\"><div class=\"cz_title_content\"><div class=\"cz_wpe_content\"><p><span style=\"font-weight: 300; font-size: 16px; color: #666666;\">Sekt\u00f6r\u00fcn \u00f6nc\u00fclerinden olan firmam\u0131z, yurt i\u00e7inde oldu\u011fu kadar yurt d\u0131\u015f\u0131nda da (Rusya, Kazakistan, Irak, Suriye, Pakistan, Makedonya, M\u0131s\u0131r, Yunanistan, Bulgaristan, Arabistan, Azerbaycan, Sudan, Nijerya) \u00f6nemli projelere imza atm\u0131\u015f ve y\u00fczlerce sistemi \u00e7al\u0131\u015f\u0131r halde teslim etmi\u015ftir.<\/span><\/p>\n<p>Y\u0131llar\u0131n verdi\u011fi birikimle firmam\u0131z, a\u011f\u0131rl\u0131kl\u0131 olarak otomotiv, tekstil, g\u0131da, asfalt gibi sekt\u00f6rlerde i\u015fler yapmaktad\u0131r.<\/p>\n<p>Kaliteyi ve m\u00fc\u015fteri g\u00fcvenini ilke edinmi\u015f olan firmam\u0131z, uzun y\u0131llardan beri Siemens System House sertifikal\u0131 bayili\u011fini yapm\u0131\u015f, \u015fu anda da Siemens Solution Partner sertifikal\u0131 Automation bayili\u011fini devam ettirmektedir.<\/p>\n<p>Firmam\u0131z 30 ki\u015filik bir ekipten olu\u015fmaktad\u0131r. Bu haliyle firmam\u0131z Bursa b\u00f6lgesinin en b\u00fcy\u00fck otomasyon firmas\u0131 konumundad\u0131r.<\/p>\n<\/div><\/div><\/div><div class=\"cz_gap clr \" style=\"height: 55px\"><\/div>[\/vc_column_inner][vc_column_inner css=&#8221;.vc_custom_1586337066663{padding-right: 35px !important;padding-left: 35px !important;}&#8221; offset=&#8221;vc_col-md-6&#8243;]<div id=\"cz_63475\" class=\"cz_63475 cz_image clr cz_image_no_fx cz_tooltip_up center_on_mobile\"><div class=\"cz_svg_bg\"  data-title=\"Committed to superior quality and results\"><div class=\"cz_image_in\" data-tilt><div class=\"cz_main_image\"><img fetchpriority=\"high\" decoding=\"async\" width=\"680\" height=\"425\" src=\"data:image\/svg+xml,%3Csvg%20xmlns%3D&#39;http%3A%2F%2Fwww.w3.org%2F2000%2Fsvg&#39;%20width=&#39;680&#39;%20height=&#39;425&#39;%20viewBox%3D&#39;0%200%20680%20425&#39;%2F%3E\" data-czlz data-src=\"https:\/\/secnak.com\/omel\/wp-content\/uploads\/2023\/04\/2022-08-10.jpg\" class=\"attachment-full\" alt=\"\" title=\"2022-08-10\" data-srcset=\"https:\/\/secnak.com\/omel\/wp-content\/uploads\/2023\/04\/2022-08-10.jpg 680w, https:\/\/secnak.com\/omel\/wp-content\/uploads\/2023\/04\/2022-08-10-300x188.jpg 300w, https:\/\/secnak.com\/omel\/wp-content\/uploads\/2023\/04\/2022-08-10-600x375.jpg 600w\" data-sizes=\"(max-width: 680px) 100vw, 680px\" \/><\/div><\/div><\/div><\/div>[\/vc_column_inner][\/vc_row_inner][\/vc_column][\/vc_row][vc_row][vc_column]<div class=\"cz_gap clr \" style=\"height: 55px\"><\/div>[\/vc_column][\/vc_row]<\/p>\n<\/div>","protected":false},"excerpt":{"rendered":"<p>[vc_row][vc_column][\/vc_column][\/vc_row][vc_row][vc_column][vc_row_inner][vc_column_inner offset=&#8221;vc_col-md-6&#8243;][\/vc_column_inner][vc_column_inner css=&#8221;.vc_custom_1586337066663{padding-right: 35px !important;padding-left: 35px !important;}&#8221; offset=&#8221;vc_col-md-6&#8243;][\/vc_column_inner][\/vc_row_inner][\/vc_column][\/vc_row][vc_row][vc_column][\/vc_column][\/vc_row] &#8230; <\/p>\n","protected":false},"author":1,"featured_media":0,"parent":0,"menu_order":0,"comment_status":"closed","ping_status":"closed","template":"","meta":{"footnotes":""},"class_list":["post-881","page","type-page","status-publish","hentry"],"jetpack_sharing_enabled":true,"_links":{"self":[{"href":"https:\/\/secnak.com\/omel\/wp-json\/wp\/v2\/pages\/881","targetHints":{"allow":["GET"]}}],"collection":[{"href":"https:\/\/secnak.com\/omel\/wp-json\/wp\/v2\/pages"}],"about":[{"href":"https:\/\/secnak.com\/omel\/wp-json\/wp\/v2\/types\/page"}],"author":[{"embeddable":true,"href":"https:\/\/secnak.com\/omel\/wp-json\/wp\/v2\/users\/1"}],"replies":[{"embeddable":true,"href":"https:\/\/secnak.com\/omel\/wp-json\/wp\/v2\/comments?post=881"}],"version-history":[{"count":18,"href":"https:\/\/secnak.com\/omel\/wp-json\/wp\/v2\/pages\/881\/revisions"}],"predecessor-version":[{"id":1737,"href":"https:\/\/secnak.com\/omel\/wp-json\/wp\/v2\/pages\/881\/revisions\/1737"}],"wp:attachment":[{"href":"https:\/\/secnak.com\/omel\/wp-json\/wp\/v2\/media?parent=881"}],"curies":[{"name":"wp","href":"https:\/\/api.w.org\/{rel}","templated":true}]}}