{"id":14,"date":"2018-05-29T11:13:24","date_gmt":"2018-05-29T11:13:24","guid":{"rendered":"http:\/\/xtratheme.com\/default\/?page_id=14"},"modified":"2023-04-30T22:25:44","modified_gmt":"2023-04-30T22:25:44","slug":"muhendislik","status":"publish","type":"page","link":"https:\/\/secnak.com\/omel\/muhendislik\/","title":{"rendered":"M\u00fchendislik"},"content":{"rendered":"<div class=\"wpb-content-wrapper\"><p>[vc_row full_width=&#8221;stretch_row&#8221; parallax=&#8221;content-moving&#8221;][vc_column video_bg=&#8221;yes&#8221; video_bg_url=&#8221;&#8221;]<div class=\"cz_gap clr  hide_on_tablet hide_on_mobile\" style=\"height: 20px\"><\/div><div class=\"cz_gap show_on_tablet clr \" style=\"height: 100px\"><\/div><div id=\"cz_34580\" class=\"cz_34580\"><ul class=\"cz_grid_filters clr tac cz_grid_filters_count cz_grid_filters_count_i\"><li class=\"cz_active_filter\" data-filter=\".cz_grid_item\">T\u00fcm Projeler<\/li><li data-filter=\".portfolio_cat-asfalt-endustrisi\">Asfalt End\u00fcstrisi<\/li><li data-filter=\".portfolio_cat-pres-hatlari\">Pres Hatlar\u0131<\/li><li data-filter=\".portfolio_cat-beyaz-esya-sektoru\">Beyaz E\u015fya Sekt\u00f6r\u00fc<\/li><\/ul><div class=\"cz_grid cz_grid_1 clr cz_grid_c4 cz_grid_1_no_icon cz_grid_1_mid tac cz_grid_fib cz_grid_overlay_10px cz_grid_tilt cz_meta_all_center\" data-atts='{\"action\":\"cz_ajax_posts\",\"post_class\":\"cz_grid_item\",\"post__in\":null,\"author__in\":null,\"nonce\":\"52876932c9\",\"nonce_id\":\"cz_34580\",\"loadmore_end\":\"Not found more posts\",\"layout\":\"cz_grid_c4\",\"hover\":\"cz_grid_1_no_icon\",\"image_size\":\"codevz_600_600\",\"subtitles\":\"%5B%7B%22t%22%3A%22date%22%7D%5D\",\"subtitle_pos\":\"\",\"icon\":\"fa fa-search\",\"el\":\"\",\"title_lenght\":\"\",\"cat_tax\":\"category\",\"cat\":\"\",\"cat_exclude\":\"\",\"tag_tax\":\"post_tag\",\"tag_id\":\"\",\"tag_exclude\":\"\",\"post_type\":\"portfolio\",\"posts_per_page\":\"8\",\"order\":\"DESC\",\"orderby\":\"date\",\"tilt_data\":\" data-tilt\",\"svg_sizes\":[\"600\",\"600\"],\"img_fx\":\"cz_grid_zoom_in\",\"custom_size\":\"\",\"excerpt_rm\":false,\"title_tag\":\"h3\",\"s\":\"\"}'><div class=\"cz_grid_item cz_grid_first\"><\/div><div data-id=\"1870\" class=\"cz_grid_item  cz_posts_list_even post-1870 portfolio type-portfolio status-publish format-standard hentry portfolio_cat-asfalt-endustrisi\"><div class=\"clr\"><a class=\"cz_grid_link cz_grid_zoom_in\" href=\"https:\/\/secnak.com\/omel\/projects\/deneme\/\" title=\"deneme\" data-tilt><img fetchpriority=\"high\" decoding=\"async\" src=\"data:image\/svg+xml,%3Csvg%20xmlns%3D&#39;http%3A%2F%2Fwww.w3.org%2F2000%2Fsvg&#39;%20width=&#39;1000&#39;%20height=&#39;1000&#39;%20viewBox%3D&#39;0%200%201000%201000&#39;%2F%3E\" data-czlz data-src=\"https:\/\/secnak.com\/omel\/wp-content\/plugins\/codevz-plus\/assets\/img\/p.svg\" class=\"xtra-placeholder \" width=\"1000\" height=\"1000\" alt=\"image\" \/><div class=\"cz_grid_details\"><i class=\"fa fa-search cz_grid_icon\"><\/i><h3>deneme<\/h3><small class=\"clr\"><span class=\"cz_post_data cz_data_date\">Ekim 15, 2023<\/span><\/small><\/div><\/a><\/div><\/div><div data-id=\"263\" class=\"cz_grid_item  cz_posts_list_odd post-263 portfolio type-portfolio status-publish format-standard has-post-thumbnail hentry portfolio_cat-omel-muhendislik\"><div class=\"clr\"><a class=\"cz_grid_link cz_grid_zoom_in\" href=\"https:\/\/secnak.com\/omel\/projects\/agrega-tesisleri-otomasyonu\/\" title=\"Agrega Tesisleri Otomasyonu\" data-tilt><img decoding=\"async\" width=\"600\" height=\"600\" src=\"data:image\/svg+xml,%3Csvg%20xmlns%3D&#39;http%3A%2F%2Fwww.w3.org%2F2000%2Fsvg&#39;%20width=&#39;600&#39;%20height=&#39;600&#39;%20viewBox%3D&#39;0%200%20600%20600&#39;%2F%3E\" data-czlz data-src=\"https:\/\/secnak.com\/omel\/wp-content\/uploads\/2023\/04\/20631c120b0f1b5ae04e1f26de354827fbee726d-600x600.webp\" class=\"attachment-codevz_600_600\" alt=\"\" title=\"20631c120b0f1b5ae04e1f26de354827fbee726d\" data-srcset=\"https:\/\/secnak.com\/omel\/wp-content\/uploads\/2023\/04\/20631c120b0f1b5ae04e1f26de354827fbee726d-600x600.webp 600w, https:\/\/secnak.com\/omel\/wp-content\/uploads\/2023\/04\/20631c120b0f1b5ae04e1f26de354827fbee726d-150x150.webp 150w, https:\/\/secnak.com\/omel\/wp-content\/uploads\/2023\/04\/20631c120b0f1b5ae04e1f26de354827fbee726d-100x100.webp 100w\" data-sizes=\"(max-width: 600px) 100vw, 600px\" \/><div class=\"cz_grid_details\"><i class=\"fa fa-search cz_grid_icon\"><\/i><h3>Agrega Tesisleri Otomasyonu<\/h3><small class=\"clr\"><span class=\"cz_post_data cz_data_date\">Haziran 12, 2018<\/span><\/small><\/div><\/a><\/div><\/div><\/div><\/div><div class=\"cz_gap clr  hide_on_mobile\" style=\"height: 200px\"><\/div><div class=\"cz_gap show_on_mobile clr\" style=\"height: 150px\"><\/div>[\/vc_column][\/vc_row]<\/p>\n<\/div>","protected":false},"excerpt":{"rendered":"<p>[vc_row full_width=&#8221;stretch_row&#8221; parallax=&#8221;content-moving&#8221;][vc_column video_bg=&#8221;yes&#8221; video_bg_url=&#8221;&#8221;][\/vc_column][\/vc_row] &#8230; <a class=\"cz_readmore\" href=\"https:\/\/secnak.com\/omel\/projects\/agrega-tesisleri-otomasyonu\/\"><i class=\"fa fa-angle-right\" aria-hidden=\"true\"><\/i><span>Read More<\/span><\/a><\/p>\n","protected":false},"author":1,"featured_media":0,"parent":0,"menu_order":0,"comment_status":"closed","ping_status":"closed","template":"","meta":{"footnotes":""},"class_list":["post-14","page","type-page","status-publish","hentry"],"jetpack_sharing_enabled":true,"_links":{"self":[{"href":"https:\/\/secnak.com\/omel\/wp-json\/wp\/v2\/pages\/14","targetHints":{"allow":["GET"]}}],"collection":[{"href":"https:\/\/secnak.com\/omel\/wp-json\/wp\/v2\/pages"}],"about":[{"href":"https:\/\/secnak.com\/omel\/wp-json\/wp\/v2\/types\/page"}],"author":[{"embeddable":true,"href":"https:\/\/secnak.com\/omel\/wp-json\/wp\/v2\/users\/1"}],"replies":[{"embeddable":true,"href":"https:\/\/secnak.com\/omel\/wp-json\/wp\/v2\/comments?post=14"}],"version-history":[{"count":11,"href":"https:\/\/secnak.com\/omel\/wp-json\/wp\/v2\/pages\/14\/revisions"}],"predecessor-version":[{"id":1760,"href":"https:\/\/secnak.com\/omel\/wp-json\/wp\/v2\/pages\/14\/revisions\/1760"}],"wp:attachment":[{"href":"https:\/\/secnak.com\/omel\/wp-json\/wp\/v2\/media?parent=14"}],"curies":[{"name":"wp","href":"https:\/\/api.w.org\/{rel}","templated":true}]}}